{"id":9,"date":"2018-11-25T02:58:55","date_gmt":"2018-11-25T01:58:55","guid":{"rendered":"http:\/\/www.goethke-montageservice.de\/?page_id=9"},"modified":"2020-04-28T11:28:59","modified_gmt":"2020-04-28T09:28:59","slug":"ueber-mich","status":"publish","type":"page","link":"https:\/\/www.goethke-montageservice.de\/index.php\/ueber-mich\/","title":{"rendered":"\u00dcber mich"},"content":{"rendered":"<p>Ich f\u00fchre elektrotechnische Installationen mit dem Schwerpunkt\u00a0 auf<\/p>\n<p>IT-orientierte L\u00f6sungen im Bereich Center-management und Personenz\u00e4hlanlagen aus.<\/p>\n<p>Aber auch klassische Elektroinstallationen geh\u00f6ren zu meinem T\u00e4tigkeitsfeld.<\/p>\n<p>Kontaktieren Sie mich einfach f\u00fcr ein Angebot.<\/p>\n","protected":false},"excerpt":{"rendered":"<p>Ich f\u00fchre elektrotechnische Installationen mit dem Schwerpunkt\u00a0 auf IT-orientierte L\u00f6sungen im Bereich Center-management und Personenz\u00e4hlanlagen aus. Aber auch klassische Elektroinstallationen geh\u00f6ren zu meinem T\u00e4tigkeitsfeld. Kontaktieren Sie mich einfach f\u00fcr ein Angebot.<\/p>\n","protected":false},"author":1,"featured_media":6,"parent":0,"menu_order":0,"comment_status":"closed","ping_status":"closed","template":"","meta":{"footnotes":""},"_links":{"self":[{"href":"https:\/\/www.goethke-montageservice.de\/index.php\/wp-json\/wp\/v2\/pages\/9"}],"collection":[{"href":"https:\/\/www.goethke-montageservice.de\/index.php\/wp-json\/wp\/v2\/pages"}],"about":[{"href":"https:\/\/www.goethke-montageservice.de\/index.php\/wp-json\/wp\/v2\/types\/page"}],"author":[{"embeddable":true,"href":"https:\/\/www.goethke-montageservice.de\/index.php\/wp-json\/wp\/v2\/users\/1"}],"replies":[{"embeddable":true,"href":"https:\/\/www.goethke-montageservice.de\/index.php\/wp-json\/wp\/v2\/comments?post=9"}],"version-history":[{"count":2,"href":"https:\/\/www.goethke-montageservice.de\/index.php\/wp-json\/wp\/v2\/pages\/9\/revisions"}],"predecessor-version":[{"id":53,"href":"https:\/\/www.goethke-montageservice.de\/index.php\/wp-json\/wp\/v2\/pages\/9\/revisions\/53"}],"wp:featuredmedia":[{"embeddable":true,"href":"https:\/\/www.goethke-montageservice.de\/index.php\/wp-json\/wp\/v2\/media\/6"}],"wp:attachment":[{"href":"https:\/\/www.goethke-montageservice.de\/index.php\/wp-json\/wp\/v2\/media?parent=9"}],"curies":[{"name":"wp","href":"https:\/\/api.w.org\/{rel}","templated":true}]}}